{"id":16367,"date":"2026-02-24T15:03:29","date_gmt":"2026-02-24T14:03:29","guid":{"rendered":"https:\/\/www.sumer.si\/?page_id=16367"},"modified":"2026-03-06T14:58:11","modified_gmt":"2026-03-06T13:58:11","slug":"podatki","status":"publish","type":"page","link":"https:\/\/www.sumer.si\/podatki\/","title":{"rendered":"Podatki o podjetju"},"content":{"rendered":"\t\t<div data-elementor-type=\"wp-page\" data-elementor-id=\"16367\" class=\"elementor elementor-16367\" data-elementor-post-type=\"page\">\n\t\t\t\t\t\t<section class=\"elementor-section elementor-top-section elementor-element elementor-element-d27d262 elementor-section-boxed elementor-section-height-default elementor-section-height-default\" data-id=\"d27d262\" data-element_type=\"section\" data-e-type=\"section\">\n\t\t\t\t\t\t<div class=\"elementor-container elementor-column-gap-default\">\n\t\t\t\t\t<div class=\"elementor-column elementor-col-100 elementor-top-column elementor-element elementor-element-4f4e321\" data-id=\"4f4e321\" data-element_type=\"column\" data-e-type=\"column\">\n\t\t\t<div class=\"elementor-widget-wrap elementor-element-populated\">\n\t\t\t\t\t\t<div class=\"elementor-element elementor-element-4c4d396 elementor-widget elementor-widget-html\" data-id=\"4c4d396\" data-element_type=\"widget\" data-e-type=\"widget\" data-widget_type=\"html.default\">\n\t\t\t\t<div class=\"elementor-widget-container\">\n\t\t\t\t\t\r\n\r\n<!-- Topbar -->\r\n<div class=\"topbar\">\r\n \ufe0e \u0160umer d.o.o., Cesta v Celje 2, 320s Ljube\u010dna  &nbsp;&nbsp;&nbsp;&nbsp;&nbsp;&nbsp;&nbsp;&nbsp;\u2726 &nbsp;&nbsp;&nbsp;&nbsp;&nbsp;&nbsp;&nbsp;&nbsp; \u2709 &nbsp; info@sumer.si &nbsp;&nbsp;&nbsp;&nbsp;&nbsp;&nbsp;&nbsp;&nbsp;\u2726&nbsp;&nbsp;&nbsp;&nbsp;&nbsp;&nbsp;&nbsp;&nbsp;  \u260e\ufe0e &nbsp;(03) 780 62 10\r\n<\/div>\r\n\r\n<!-- Header -->\r\n<header class=\"header-banner\">\r\n    <div class=\"header-content\">\r\n        <!-- Logo -->\r\n        <div class=\"logo-section\">\r\n            <a href=\"https:\/\/www.sumer.si\/\">\r\n                <img decoding=\"async\" src=\"https:\/\/www.sumer.si\/wp-content\/uploads\/2020\/12\/moder-trans.png\" alt=\"\u0160umer Logo\">\r\n            <\/a>\r\n        <\/div>\r\n\r\n        <!-- Menu -->\r\n        <div class=\"menu-section\">\r\n            <div class=\"navbar-container\">\r\n                <nav class=\"navbar\">\r\n                    <ul>\r\n                        <li><a href=\"https:\/\/www.sumer.si\/index.php\/o-nas\/\">O nas<\/a>\r\n                            <ul>\r\n                                <li><a href=\"https:\/\/www.sumer.si\/index.php\/o-nas\/zgodovina\/\">Zgodovina<\/a><\/li>\r\n                                <li><a href=\"https:\/\/www.sumer.si\/index.php\/o-nas\/lokacije\/\">Lokacije<\/a><\/li>\r\n                                <li><a href=\"https:\/\/www.sumer.si\/index.php\/o-nas\/pravilniki-poslovanja\/\">Pravilniki poslovanja<\/a><\/li>\r\n                            <\/ul>\r\n                        <\/li>\r\n                        <li><a href=\"https:\/\/www.sumer.si\/index.php\/proizvodnja\/\">Proizvodnja<\/a>\r\n                            <ul>\r\n                                <li><a href=\"https:\/\/www.sumer.si\/index.php\/proizvodnja\/kakovost\/\">Kakovost<\/a><\/li>\r\n                                <li><a href=\"https:\/\/www.sumer.si\/index.php\/proizvodnja\/surovine\/\">Surovine<\/a><\/li>\r\n                                <li><a href=\"https:\/\/www.sumer.si\/index.php\/proizvodnja\/orodjarna\/\">Orodjarna<\/a><\/li>\r\n                            <\/ul>\r\n                        <\/li>\r\n                        <li><a href=\"https:\/\/www.sumer.si\/index.php\/tehnologije\/\">Tehnologije<\/a>\r\n                            <ul>\r\n                                <li><a href=\"https:\/\/www.sumer.si\/index.php\/tehnologije\/brizganje-plastike\/\">Brizganje plastike<\/a><\/li>\r\n                                <li><a href=\"https:\/\/www.sumer.si\/index.php\/tehnologije\/kovinoplastika\/\">Kovinoplastika<\/a><\/li>\r\n                                <li><a href=\"https:\/\/www.sumer.si\/index.php\/tehnologije\/vzmeti\/\">Vzmeti<\/a>\r\n                                    <ul>\r\n                                        <li><a href=\"https:\/\/www.sumer.si\/index.php\/tehnologije\/vzmeti\/torzijske-vzmeti\/\">Torzijske vzmeti<\/a><\/li>\r\n                                        <li><a href=\"https:\/\/www.sumer.si\/index.php\/tehnologije\/vzmeti\/tlacne-vzmeti\/\">Tla\u010dne vzmeti<\/a><\/li>\r\n                                        <li><a href=\"https:\/\/www.sumer.si\/index.php\/tehnologije\/vzmeti\/listnate-vzmeti\/\">Listnate vzmeti<\/a><\/li>\r\n                                        <li><a href=\"https:\/\/www.sumer.si\/index.php\/tehnologije\/vzmeti\/natezne-vzmeti\/\">Natezne vzmeti<\/a><\/li>\r\n                                        <li><a href=\"https:\/\/www.sumer.si\/index.php\/tehnologije\/vzmeti\/krivljeni-elementi\/\">Krivljeni elementi<\/a><\/li>\r\n                                    <\/ul>\r\n                                <\/li>\r\n                                <li><a href=\"https:\/\/www.sumer.si\/index.php\/tehnologije\/stancanje-plocevine\/\">\u0160tancanje plo\u010devine<\/a><\/li>\r\n                                <li><a href=\"https:\/\/www.sumer.si\/index.php\/tehnologije\/strojna-obdelava\/\">Strojna obdelava<\/a>\r\n                                    <ul>\r\n                                        <li><a href=\"https:\/\/www.sumer.si\/index.php\/tehnologije\/strojna-obdelava\/struzenje\/\">Stru\u017eenje<\/a><\/li>\r\n                                        <li><a href=\"https:\/\/www.sumer.si\/index.php\/tehnologije\/strojna-obdelava\/cnc-obdelava\/\">Obdelava na CNC strojih<\/a><\/li>\r\n                                    <\/ul>\r\n                                <\/li>\r\n                                <li><a href=\"https:\/\/www.sumer.si\/index.php\/tehnologije\/varjenje-plastike\/\">Varjenje plastike<\/a><\/li>\r\n                                <li><a href=\"https:\/\/www.sumer.si\/index.php\/tehnologije\/varjenje-kovine\/\">Varjenje kovine<\/a><\/li>\r\n                                <li><a href=\"https:\/\/www.sumer.si\/index.php\/tehnologije\/laserski-razrez-plocevine\/\">Laserski razrez plo\u010devine<\/a><\/li>\r\n                                <li><a href=\"https:\/\/www.sumer.si\/index.php\/tehnologije\/termicna-in-povrsinska-obdelava\/\">Termi\u010dna in povr\u0161inska obdelava<\/a><\/li>\r\n                                <li><a href=\"https:\/\/www.sumer.si\/index.php\/tehnologije\/razvoj-in-konstrukcija\/\">Razvoj in konstrukcija<\/a><\/li>\r\n                                <li><a href=\"https:\/\/www.sumer.si\/index.php\/tehnologije\/sestava-in-montaza\/\">Sestava in monta\u017ea<\/a><\/li>\r\n                            <\/ul>\r\n                        <\/li>\r\n                        <li><a href=\"https:\/\/www.sumer.si\/index.php\/izdelki\/\">Izdelki<\/a><\/li>\r\n                        <li><a href=\"https:\/\/www.sumer.si\/index.php\/narocilo\/\">Povpra\u0161evanje<\/a><\/li>\r\n                        <li><a href=\"https:\/\/www.sumer.si\/index.php\/trgovina\/\">Trgovina<\/a><\/li>\r\n                    <\/ul>\r\n                <\/nav>\r\n            <\/div>\r\n\r\n            <!-- Language Switcher (Far Right) -->\r\n            <div class=\"language-switcher\" id=\"langSwitcher\">\r\n                <a href=\"https:\/\/www.sumer.si\/\">\r\n                    <img decoding=\"async\" src=\"https:\/\/flagcdn.com\/w20\/si.png\" alt=\"Slovenian\">\r\n                <\/a>\r\n                <span class=\"arrow\">\u25bc<\/span>\r\n                <div class=\"language-dropdown\">\r\n                    <a href=\"https:\/\/www.sumer.si\/index.php\/en\/domov-english\/\">\r\n                        <img decoding=\"async\" src=\"https:\/\/flagcdn.com\/w20\/gb.png\" alt=\"English\">\r\n                    <\/a>\r\n                <\/div>\r\n            <\/div>\r\n        <\/div>\r\n    <\/div>\r\n<\/header>\r\n\r\n<!-- JS for Language Switcher -->\r\n<script>\r\ndocument.addEventListener('DOMContentLoaded', function() {\r\n    const langSwitcher = document.getElementById('langSwitcher');\r\n    langSwitcher.addEventListener('click', function(e) {\r\n        e.stopPropagation();\r\n        langSwitcher.classList.toggle('open');\r\n    });\r\n    document.addEventListener('click', function() {\r\n        langSwitcher.classList.remove('open');\r\n    });\r\n});\r\n<\/script>\t\t\t\t<\/div>\n\t\t\t\t<\/div>\n\t\t\t\t\t<\/div>\n\t\t<\/div>\n\t\t\t\t\t<\/div>\n\t\t<\/section>\n\t\t\t\t<section class=\"elementor-section elementor-top-section elementor-element elementor-element-c3ee3b5 elementor-section-boxed elementor-section-height-default elementor-section-height-default\" data-id=\"c3ee3b5\" data-element_type=\"section\" data-e-type=\"section\">\n\t\t\t\t\t\t<div class=\"elementor-container elementor-column-gap-default\">\n\t\t\t\t\t<div class=\"elementor-column elementor-col-100 elementor-top-column elementor-element elementor-element-33a8b5b\" data-id=\"33a8b5b\" data-element_type=\"column\" data-e-type=\"column\">\n\t\t\t<div class=\"elementor-widget-wrap elementor-element-populated\">\n\t\t\t\t\t\t<div class=\"elementor-element elementor-element-3f69ef9 elementor-widget elementor-widget-heading\" data-id=\"3f69ef9\" data-element_type=\"widget\" data-e-type=\"widget\" data-widget_type=\"heading.default\">\n\t\t\t\t<div class=\"elementor-widget-container\">\n\t\t\t\t\t<h2 class=\"elementor-heading-title elementor-size-default\">PODATKI O PODJETJU<\/h2>\t\t\t\t<\/div>\n\t\t\t\t<\/div>\n\t\t\t\t\t<\/div>\n\t\t<\/div>\n\t\t\t\t\t<\/div>\n\t\t<\/section>\n\t\t\t\t<section class=\"elementor-section elementor-top-section elementor-element elementor-element-756fdd7 elementor-section-full_width elementor-section-height-default elementor-section-height-default\" data-id=\"756fdd7\" data-element_type=\"section\" data-e-type=\"section\">\n\t\t\t\t\t\t<div class=\"elementor-container elementor-column-gap-default\">\n\t\t\t\t\t<div class=\"elementor-column elementor-col-100 elementor-top-column elementor-element elementor-element-ed9dd09\" data-id=\"ed9dd09\" data-element_type=\"column\" data-e-type=\"column\">\n\t\t\t<div class=\"elementor-widget-wrap elementor-element-populated\">\n\t\t\t\t\t\t<div class=\"elementor-element elementor-element-acf47d6 elementor-widget__width-inherit elementor-widget elementor-widget-text-editor\" data-id=\"acf47d6\" data-element_type=\"widget\" data-e-type=\"widget\" data-widget_type=\"text-editor.default\">\n\t\t\t\t<div class=\"elementor-widget-container\">\n\t\t\t\t\t\t\t\t\t<p data-start=\"196\" data-end=\"233\">\u00a0<\/p><h3 data-section-id=\"fyhc3z\" data-start=\"235\" data-end=\"259\">Osnovni podatki<\/h3><p data-start=\"261\" data-end=\"604\"><strong data-start=\"261\" data-end=\"274\">Podjetje:<\/strong> \u0160umer podjetje za proizvodnjo, trgovino in storitve d.o.o.<br data-start=\"333\" data-end=\"336\" \/><strong data-start=\"336\" data-end=\"347\">Naslov:<\/strong> Cesta v Celje 2, 3202 Ljube\u010dna, Slovenija<br data-start=\"389\" data-end=\"392\" \/><strong data-start=\"392\" data-end=\"413\">Mati\u010dna \u0161tevilka:<\/strong> 5761379<br data-start=\"421\" data-end=\"424\" \/><strong data-start=\"424\" data-end=\"444\">Dav\u010dna \u0161tevilka:<\/strong> SI96791101<br data-start=\"455\" data-end=\"458\" \/><strong data-start=\"458\" data-end=\"471\">Direktor:<\/strong> Uro\u0161 \u0160umer<br data-start=\"482\" data-end=\"485\" \/><strong data-start=\"485\" data-end=\"502\">Registracija:<\/strong> Podjetje je vpisano v sodni register pri AJPES, izpostava Celje<br data-start=\"566\" data-end=\"569\" \/><strong data-start=\"569\" data-end=\"591\">Datum ustanovitve:<\/strong> 1. 6. 1993<\/p><p data-start=\"261\" data-end=\"604\">\u00a0<\/p><h3 data-section-id=\"rflgq8\" data-start=\"606\" data-end=\"637\">Odgovornost za vsebino<\/h3><p data-start=\"639\" data-end=\"1026\">Vse vsebine na tej spletni strani so pripravljene z najve\u010djo mo\u017eno skrbnostjo. Podjetje <strong data-start=\"727\" data-end=\"743\">\u0160umer d.o.o.<\/strong> si prizadeva, da so informacije to\u010dne, a\u017eurne in popolne. Kljub temu ne prevzemamo odgovornosti za morebitne napake, spremembe ali pomanjkljivosti v vsebini. Podatki o izdelkih, storitvah in tehnologijah so informativne narave in ne nadome\u0161\u010dajo individualnih dogovorov ali pogodb.<\/p><p data-start=\"639\" data-end=\"1026\">\u00a0<\/p><h3 data-section-id=\"ssjg5y\" data-start=\"1028\" data-end=\"1053\">Avtorske pravice<\/h3><p data-start=\"1055\" data-end=\"1476\">Vse vsebine, fotografije, grafike in drugi materiali, ki so objavljeni na tej spletni strani, so za\u0161\u010diteni z veljavno zakonodajo o avtorskih pravicah. Reprodukcija, distribucija ali kakr\u0161na koli druga uporaba teh vsebin brez predhodnega pisnega dovoljenja podjetja \u0160umer d.o.o. ni dovoljena. S tem \u017eelimo zagotoviti varovanje intelektualne lastnine in avtorskih pravic ter ohraniti integriteto na\u0161e blagovne znamke.<\/p><h3 data-section-id=\"jx8yfh\" data-start=\"1478\" data-end=\"1503\">\u00a0<\/h3><h3 data-section-id=\"jx8yfh\" data-start=\"1478\" data-end=\"1503\">Re\u0161evanje sporov<\/h3><p data-start=\"1505\" data-end=\"1728\">V skladu z veljavno zakonodajo je za re\u0161evanje potro\u0161ni\u0161kih sporov na voljo spletna platforma Evropske komisije za spletno re\u0161evanje sporov (ODR):<br data-start=\"1651\" data-end=\"1654\" \/><a class=\"decorated-link\" href=\"https:\/\/ec.europa.eu\/consumers\/odr\" target=\"_new\" rel=\"noopener\" data-start=\"1654\" data-end=\"1726\">https:\/\/ec.europa.eu\/consumers\/odr<\/a><\/p><p data-start=\"1730\" data-end=\"1891\">Podjetje \u0160umer d.o.o. spodbuja transparentno in hitro re\u0161evanje morebitnih nesoglasij ter si prizadeva za zadovoljstvo vseh strank in poslovnih partnerjev.<\/p><p data-start=\"1730\" data-end=\"1891\">\u00a0<\/p><h3 data-section-id=\"p7ls40\" data-start=\"1893\" data-end=\"1932\">Kontakt za dodatne informacije<\/h3><p data-start=\"1934\" data-end=\"2163\">Za dodatne informacije o podjetju, registraciji, avtorskih pravicah ali morebitnih pravnih vpra\u0161anjih nas lahko kontaktirate preko e-po\u0161te ali telefona. Na\u0161a ekipa vam bo strokovno svetovala in posredovala ustrezne informacije.<\/p><section class=\"legal-company-info\"><h2>\u00a0<\/h2><\/section>\t\t\t\t\t\t\t\t<\/div>\n\t\t\t\t<\/div>\n\t\t\t\t\t<\/div>\n\t\t<\/div>\n\t\t\t\t\t<\/div>\n\t\t<\/section>\n\t\t\t\t<section class=\"elementor-section elementor-top-section elementor-element elementor-element-8d78c1e elementor-section-boxed elementor-section-height-default elementor-section-height-default\" data-id=\"8d78c1e\" data-element_type=\"section\" data-e-type=\"section\">\n\t\t\t\t\t\t<div class=\"elementor-container elementor-column-gap-default\">\n\t\t\t\t\t<div class=\"elementor-column elementor-col-100 elementor-top-column elementor-element elementor-element-63f331d\" data-id=\"63f331d\" data-element_type=\"column\" data-e-type=\"column\">\n\t\t\t<div class=\"elementor-widget-wrap elementor-element-populated\">\n\t\t\t\t\t\t<div class=\"elementor-element elementor-element-88cfe43 elementor-widget elementor-widget-spacer\" data-id=\"88cfe43\" data-element_type=\"widget\" data-e-type=\"widget\" data-widget_type=\"spacer.default\">\n\t\t\t\t<div class=\"elementor-widget-container\">\n\t\t\t\t\t\t\t<div class=\"elementor-spacer\">\n\t\t\t<div class=\"elementor-spacer-inner\"><\/div>\n\t\t<\/div>\n\t\t\t\t\t\t<\/div>\n\t\t\t\t<\/div>\n\t\t\t\t\t<\/div>\n\t\t<\/div>\n\t\t\t\t\t<\/div>\n\t\t<\/section>\n\t\t\t\t<\/div>\n\t\t","protected":false},"excerpt":{"rendered":"<p>\ufe0e \u0160umer d.o.o., Cesta v Celje 2, 320s Ljube\u010dna &nbsp;&nbsp;&nbsp;&nbsp;&nbsp;&nbsp;&nbsp;&nbsp;\u2726 &nbsp;&nbsp;&nbsp;&nbsp;&nbsp;&nbsp;&nbsp;&nbsp; \u2709 &nbsp; info@sumer.si &nbsp;&nbsp;&nbsp;&nbsp;&nbsp;&nbsp;&nbsp;&nbsp;\u2726&nbsp;&nbsp;&nbsp;&nbsp;&nbsp;&nbsp;&nbsp;&nbsp; \u260e\ufe0e &nbsp;(03) 780 62 10 O nas Zgodovina Lokacije Pravilniki poslovanja Proizvodnja Kakovost Surovine Orodjarna Tehnologije Brizganje plastike Kovinoplastika Vzmeti Torzijske vzmeti Tla\u010dne vzmeti Listnate vzmeti Natezne vzmeti Krivljeni elementi \u0160tancanje plo\u010devine Strojna obdelava Stru\u017eenje Obdelava na CNC strojih Varjenje [&hellip;]<\/p>\n","protected":false},"author":1,"featured_media":0,"parent":0,"menu_order":0,"comment_status":"closed","ping_status":"closed","template":"","meta":{"_monsterinsights_skip_tracking":false,"_monsterinsights_sitenote_active":false,"_monsterinsights_sitenote_note":"","_monsterinsights_sitenote_category":0,"footnotes":""},"class_list":["post-16367","page","type-page","status-publish","hentry"],"yoast_head":"<!-- This site is optimized with the Yoast SEO plugin v27.4 - https:\/\/yoast.com\/product\/yoast-seo-wordpress\/ -->\n<title>Podatki o podjetju &#8212; \u0160umer d.o.o. Proizvodnja<\/title>\n<meta name=\"description\" content=\"\u0160umer is a family-owned company with a long tradition in the production of standard and non-standard springs, stamping, turning\" \/>\n<meta name=\"robots\" content=\"index, follow, max-snippet:-1, max-image-preview:large, max-video-preview:-1\" \/>\n<link rel=\"canonical\" href=\"https:\/\/www.sumer.si\/podatki\/\" \/>\n<meta property=\"og:locale\" content=\"en_US\" \/>\n<meta property=\"og:type\" content=\"article\" \/>\n<meta property=\"og:title\" content=\"Podatki o podjetju &#8212; \u0160umer d.o.o. Proizvodnja\" \/>\n<meta property=\"og:description\" content=\"\u0160umer is a family-owned company with a long tradition in the production of standard and non-standard springs, stamping, turning\" \/>\n<meta property=\"og:url\" content=\"https:\/\/www.sumer.si\/podatki\/\" \/>\n<meta property=\"og:site_name\" content=\"\u0160umer d.o.o.\" \/>\n<meta property=\"article:publisher\" content=\"https:\/\/www.facebook.com\/www.sumer.si\/\" \/>\n<meta property=\"article:modified_time\" content=\"2026-03-06T13:58:11+00:00\" \/>\n<meta property=\"og:image\" content=\"https:\/\/www.sumer.si\/wp-content\/uploads\/2020\/12\/moder-trans.png\" \/>\n<meta name=\"twitter:card\" content=\"summary_large_image\" \/>\n<meta name=\"twitter:label1\" content=\"Est. reading time\" \/>\n\t<meta name=\"twitter:data1\" content=\"3 minutes\" \/>\n<script type=\"application\/ld+json\" class=\"yoast-schema-graph\">{\"@context\":\"https:\\\/\\\/schema.org\",\"@graph\":[{\"@type\":\"WebPage\",\"@id\":\"https:\\\/\\\/www.sumer.si\\\/podatki\\\/\",\"url\":\"https:\\\/\\\/www.sumer.si\\\/podatki\\\/\",\"name\":\"Podatki o podjetju &#8212; \u0160umer d.o.o. Proizvodnja\",\"isPartOf\":{\"@id\":\"https:\\\/\\\/www.sumer.si\\\/#website\"},\"primaryImageOfPage\":{\"@id\":\"https:\\\/\\\/www.sumer.si\\\/podatki\\\/#primaryimage\"},\"image\":{\"@id\":\"https:\\\/\\\/www.sumer.si\\\/podatki\\\/#primaryimage\"},\"thumbnailUrl\":\"https:\\\/\\\/www.sumer.si\\\/wp-content\\\/uploads\\\/2020\\\/12\\\/moder-trans.png\",\"datePublished\":\"2026-02-24T14:03:29+00:00\",\"dateModified\":\"2026-03-06T13:58:11+00:00\",\"description\":\"\u0160umer is a family-owned company with a long tradition in the production of standard and non-standard springs, stamping, turning\",\"breadcrumb\":{\"@id\":\"https:\\\/\\\/www.sumer.si\\\/podatki\\\/#breadcrumb\"},\"inLanguage\":\"en-US\",\"potentialAction\":[{\"@type\":\"ReadAction\",\"target\":[\"https:\\\/\\\/www.sumer.si\\\/podatki\\\/\"]}]},{\"@type\":\"ImageObject\",\"inLanguage\":\"en-US\",\"@id\":\"https:\\\/\\\/www.sumer.si\\\/podatki\\\/#primaryimage\",\"url\":\"https:\\\/\\\/www.sumer.si\\\/wp-content\\\/uploads\\\/2020\\\/12\\\/moder-trans.png\",\"contentUrl\":\"https:\\\/\\\/www.sumer.si\\\/wp-content\\\/uploads\\\/2020\\\/12\\\/moder-trans.png\",\"width\":500,\"height\":182},{\"@type\":\"BreadcrumbList\",\"@id\":\"https:\\\/\\\/www.sumer.si\\\/podatki\\\/#breadcrumb\",\"itemListElement\":[{\"@type\":\"ListItem\",\"position\":1,\"name\":\"Domov\",\"item\":\"https:\\\/\\\/www.sumer.si\\\/\"},{\"@type\":\"ListItem\",\"position\":2,\"name\":\"Podatki o podjetju\"}]},{\"@type\":\"WebSite\",\"@id\":\"https:\\\/\\\/www.sumer.si\\\/#website\",\"url\":\"https:\\\/\\\/www.sumer.si\\\/\",\"name\":\"\u0160umer d.o.o.\",\"description\":\"Zanesljiv partner za proizvodnjo izdelkov iz kovine in plastike\",\"publisher\":{\"@id\":\"https:\\\/\\\/www.sumer.si\\\/#organization\"},\"potentialAction\":[{\"@type\":\"SearchAction\",\"target\":{\"@type\":\"EntryPoint\",\"urlTemplate\":\"https:\\\/\\\/www.sumer.si\\\/?s={search_term_string}\"},\"query-input\":{\"@type\":\"PropertyValueSpecification\",\"valueRequired\":true,\"valueName\":\"search_term_string\"}}],\"inLanguage\":\"en-US\"},{\"@type\":\"Organization\",\"@id\":\"https:\\\/\\\/www.sumer.si\\\/#organization\",\"name\":\"\u0160umer d.o.o.\",\"url\":\"https:\\\/\\\/www.sumer.si\\\/\",\"logo\":{\"@type\":\"ImageObject\",\"inLanguage\":\"en-US\",\"@id\":\"https:\\\/\\\/www.sumer.si\\\/#\\\/schema\\\/logo\\\/image\\\/\",\"url\":\"https:\\\/\\\/www.sumer.si\\\/wp-content\\\/uploads\\\/2022\\\/05\\\/path3072-300x84-1.png\",\"contentUrl\":\"https:\\\/\\\/www.sumer.si\\\/wp-content\\\/uploads\\\/2022\\\/05\\\/path3072-300x84-1.png\",\"width\":300,\"height\":84,\"caption\":\"\u0160umer d.o.o.\"},\"image\":{\"@id\":\"https:\\\/\\\/www.sumer.si\\\/#\\\/schema\\\/logo\\\/image\\\/\"},\"sameAs\":[\"https:\\\/\\\/www.facebook.com\\\/www.sumer.si\\\/\",\"https:\\\/\\\/www.linkedin.com\\\/company\\\/sumer-d-o-o\\\/?originalSubdomain=si\",\"https:\\\/\\\/www.instagram.com\\\/sumer_doo\\\/\"]}]}<\/script>\n<!-- \/ Yoast SEO plugin. -->","yoast_head_json":{"title":"Podatki o podjetju &#8212; \u0160umer d.o.o. Proizvodnja","description":"\u0160umer is a family-owned company with a long tradition in the production of standard and non-standard springs, stamping, turning","robots":{"index":"index","follow":"follow","max-snippet":"max-snippet:-1","max-image-preview":"max-image-preview:large","max-video-preview":"max-video-preview:-1"},"canonical":"https:\/\/www.sumer.si\/podatki\/","og_locale":"en_US","og_type":"article","og_title":"Podatki o podjetju &#8212; \u0160umer d.o.o. Proizvodnja","og_description":"\u0160umer is a family-owned company with a long tradition in the production of standard and non-standard springs, stamping, turning","og_url":"https:\/\/www.sumer.si\/podatki\/","og_site_name":"\u0160umer d.o.o.","article_publisher":"https:\/\/www.facebook.com\/www.sumer.si\/","article_modified_time":"2026-03-06T13:58:11+00:00","og_image":[{"url":"https:\/\/www.sumer.si\/wp-content\/uploads\/2020\/12\/moder-trans.png","type":"","width":"","height":""}],"twitter_card":"summary_large_image","twitter_misc":{"Est. reading time":"3 minutes"},"schema":{"@context":"https:\/\/schema.org","@graph":[{"@type":"WebPage","@id":"https:\/\/www.sumer.si\/podatki\/","url":"https:\/\/www.sumer.si\/podatki\/","name":"Podatki o podjetju &#8212; \u0160umer d.o.o. Proizvodnja","isPartOf":{"@id":"https:\/\/www.sumer.si\/#website"},"primaryImageOfPage":{"@id":"https:\/\/www.sumer.si\/podatki\/#primaryimage"},"image":{"@id":"https:\/\/www.sumer.si\/podatki\/#primaryimage"},"thumbnailUrl":"https:\/\/www.sumer.si\/wp-content\/uploads\/2020\/12\/moder-trans.png","datePublished":"2026-02-24T14:03:29+00:00","dateModified":"2026-03-06T13:58:11+00:00","description":"\u0160umer is a family-owned company with a long tradition in the production of standard and non-standard springs, stamping, turning","breadcrumb":{"@id":"https:\/\/www.sumer.si\/podatki\/#breadcrumb"},"inLanguage":"en-US","potentialAction":[{"@type":"ReadAction","target":["https:\/\/www.sumer.si\/podatki\/"]}]},{"@type":"ImageObject","inLanguage":"en-US","@id":"https:\/\/www.sumer.si\/podatki\/#primaryimage","url":"https:\/\/www.sumer.si\/wp-content\/uploads\/2020\/12\/moder-trans.png","contentUrl":"https:\/\/www.sumer.si\/wp-content\/uploads\/2020\/12\/moder-trans.png","width":500,"height":182},{"@type":"BreadcrumbList","@id":"https:\/\/www.sumer.si\/podatki\/#breadcrumb","itemListElement":[{"@type":"ListItem","position":1,"name":"Domov","item":"https:\/\/www.sumer.si\/"},{"@type":"ListItem","position":2,"name":"Podatki o podjetju"}]},{"@type":"WebSite","@id":"https:\/\/www.sumer.si\/#website","url":"https:\/\/www.sumer.si\/","name":"\u0160umer d.o.o.","description":"Zanesljiv partner za proizvodnjo izdelkov iz kovine in plastike","publisher":{"@id":"https:\/\/www.sumer.si\/#organization"},"potentialAction":[{"@type":"SearchAction","target":{"@type":"EntryPoint","urlTemplate":"https:\/\/www.sumer.si\/?s={search_term_string}"},"query-input":{"@type":"PropertyValueSpecification","valueRequired":true,"valueName":"search_term_string"}}],"inLanguage":"en-US"},{"@type":"Organization","@id":"https:\/\/www.sumer.si\/#organization","name":"\u0160umer d.o.o.","url":"https:\/\/www.sumer.si\/","logo":{"@type":"ImageObject","inLanguage":"en-US","@id":"https:\/\/www.sumer.si\/#\/schema\/logo\/image\/","url":"https:\/\/www.sumer.si\/wp-content\/uploads\/2022\/05\/path3072-300x84-1.png","contentUrl":"https:\/\/www.sumer.si\/wp-content\/uploads\/2022\/05\/path3072-300x84-1.png","width":300,"height":84,"caption":"\u0160umer d.o.o."},"image":{"@id":"https:\/\/www.sumer.si\/#\/schema\/logo\/image\/"},"sameAs":["https:\/\/www.facebook.com\/www.sumer.si\/","https:\/\/www.linkedin.com\/company\/sumer-d-o-o\/?originalSubdomain=si","https:\/\/www.instagram.com\/sumer_doo\/"]}]}},"_links":{"self":[{"href":"https:\/\/www.sumer.si\/wp-json\/wp\/v2\/pages\/16367","targetHints":{"allow":["GET"]}}],"collection":[{"href":"https:\/\/www.sumer.si\/wp-json\/wp\/v2\/pages"}],"about":[{"href":"https:\/\/www.sumer.si\/wp-json\/wp\/v2\/types\/page"}],"author":[{"embeddable":true,"href":"https:\/\/www.sumer.si\/wp-json\/wp\/v2\/users\/1"}],"replies":[{"embeddable":true,"href":"https:\/\/www.sumer.si\/wp-json\/wp\/v2\/comments?post=16367"}],"version-history":[{"count":35,"href":"https:\/\/www.sumer.si\/wp-json\/wp\/v2\/pages\/16367\/revisions"}],"predecessor-version":[{"id":16690,"href":"https:\/\/www.sumer.si\/wp-json\/wp\/v2\/pages\/16367\/revisions\/16690"}],"wp:attachment":[{"href":"https:\/\/www.sumer.si\/wp-json\/wp\/v2\/media?parent=16367"}],"curies":[{"name":"wp","href":"https:\/\/api.w.org\/{rel}","templated":true}]}}